{"id":173,"date":"2026-03-04T21:08:58","date_gmt":"2026-03-05T00:08:58","guid":{"rendered":"https:\/\/mentevazia.com.br\/?post_type=product&#038;p=173"},"modified":"2026-03-05T17:21:14","modified_gmt":"2026-03-05T20:21:14","slug":"satans-prison","status":"publish","type":"product","link":"https:\/\/mentevazia.com.br\/index.php\/produto\/satans-prison\/","title":{"rendered":"Satan&#8217;s Prison"},"content":{"rendered":"<p style=\"text-align: left;\"><em><strong>Composi\u00e7\u00e3o<\/strong>: 100% algod\u00e3o fio 30.1<\/em><br \/>\n<em><strong>Gramatura<\/strong>: 180 g\/m\u00b2<\/em><br \/>\n<em><strong>Gola<\/strong>: Anel de 1,5 cm, ribana canelada 2\u00d71 com elastano e pesponto de 1 agulha<\/em><br \/>\n<em><strong>Refor\u00e7o<\/strong>: Ombro a ombro para maior durabilidade<\/em><br \/>\n<em><strong>Acabamento<\/strong>: Bainha de 2 cm<\/em><br \/>\n<em><strong>Etiqueta interna<\/strong>: Composi\u00e7\u00e3o e tamanho<\/em><\/p>\n<p>&nbsp;<\/p>\n<p><strong>Tabela de medidas<\/strong><\/p>\n<table style=\"height: 145px;\" width=\"210\">\n<tbody>\n<tr>\n<td>P<\/td>\n<td>51 cm<\/td>\n<td>70 cm<\/td>\n<td>23 cm<\/td>\n<\/tr>\n<tr>\n<td>M<\/td>\n<td>53 cm<\/td>\n<td>72 cm<\/td>\n<td>24 cm<\/td>\n<\/tr>\n<tr>\n<td>G<\/td>\n<td>55 cm<\/td>\n<td>74 cm<\/td>\n<td>25 cm<\/td>\n<\/tr>\n<tr>\n<td>GG<\/td>\n<td>57 cm<\/td>\n<td>76 cm<\/td>\n<td>26 cm<\/td>\n<\/tr>\n<\/tbody>\n<\/table>\n<p>&nbsp;<\/p>\n<p>&nbsp;<\/p>\n","protected":false},"excerpt":{"rendered":"<p>Camiseta regular off-white 100% algod\u00e3o, com estampa feita em silkscreen. Apresenta desgastes e rebites na gola.<\/p>\n<p>A estampa apresenta a imagem de saturno e l\u00facifer. Saturno representa o tempo, a pris\u00e3o de Satan, que, por sua vez, quer a adora\u00e7\u00e3o do mundo f\u00edsico, fazendo-nos esquecer do mundo espiritual.<\/p>\n","protected":false},"featured_media":178,"template":"","meta":[],"product_brand":[],"product_cat":[16],"product_tag":[],"class_list":{"0":"post-173","1":"product","2":"type-product","3":"status-publish","4":"has-post-thumbnail","6":"product_cat-camisetas","8":"first","9":"instock","10":"shipping-taxable","11":"purchasable","12":"product-type-variable"},"_links":{"self":[{"href":"https:\/\/mentevazia.com.br\/index.php\/wp-json\/wp\/v2\/product\/173","targetHints":{"allow":["GET"]}}],"collection":[{"href":"https:\/\/mentevazia.com.br\/index.php\/wp-json\/wp\/v2\/product"}],"about":[{"href":"https:\/\/mentevazia.com.br\/index.php\/wp-json\/wp\/v2\/types\/product"}],"wp:featuredmedia":[{"embeddable":true,"href":"https:\/\/mentevazia.com.br\/index.php\/wp-json\/wp\/v2\/media\/178"}],"wp:attachment":[{"href":"https:\/\/mentevazia.com.br\/index.php\/wp-json\/wp\/v2\/media?parent=173"}],"wp:term":[{"taxonomy":"product_brand","embeddable":true,"href":"https:\/\/mentevazia.com.br\/index.php\/wp-json\/wp\/v2\/product_brand?post=173"},{"taxonomy":"product_cat","embeddable":true,"href":"https:\/\/mentevazia.com.br\/index.php\/wp-json\/wp\/v2\/product_cat?post=173"},{"taxonomy":"product_tag","embeddable":true,"href":"https:\/\/mentevazia.com.br\/index.php\/wp-json\/wp\/v2\/product_tag?post=173"}],"curies":[{"name":"wp","href":"https:\/\/api.w.org\/{rel}","templated":true}]}}