{"id":8,"date":"2025-10-14T16:35:12","date_gmt":"2025-10-14T19:35:12","guid":{"rendered":"https:\/\/mentevazia.com.br\/index.php\/carrinho\/"},"modified":"2026-03-05T16:35:56","modified_gmt":"2026-03-05T19:35:56","slug":"carrinho","status":"publish","type":"page","link":"https:\/\/mentevazia.com.br\/index.php\/carrinho\/","title":{"rendered":"CARRINHO"},"content":{"rendered":"\n<div data-block-name=\"woocommerce\/cart\" class=\"wp-block-woocommerce-cart alignwide is-loading\">\n<div data-block-name=\"woocommerce\/filled-cart-block\" class=\"wp-block-woocommerce-filled-cart-block\">\n<div data-block-name=\"woocommerce\/cart-items-block\" class=\"wp-block-woocommerce-cart-items-block\">\n<div data-block-name=\"woocommerce\/cart-line-items-block\" class=\"wp-block-woocommerce-cart-line-items-block\"><\/div>\n\n\n<\/div>\n\n\n\n<div data-block-name=\"woocommerce\/cart-totals-block\" class=\"wp-block-woocommerce-cart-totals-block\">\n<div data-block-name=\"woocommerce\/cart-order-summary-block\" class=\"wp-block-woocommerce-cart-order-summary-block\">\n<div data-block-name=\"woocommerce\/cart-order-summary-heading-block\" data-content=\"Total no carrinho\" class=\"wp-block-woocommerce-cart-order-summary-heading-block\"><\/div>\n\n\n\n<div data-block-name=\"woocommerce\/cart-order-summary-coupon-form-block\" class=\"wp-block-woocommerce-cart-order-summary-coupon-form-block\"><\/div>\n\n\n\n<div data-block-name=\"woocommerce\/cart-order-summary-totals-block\" class=\"wp-block-woocommerce-cart-order-summary-totals-block\">\n<div data-block-name=\"woocommerce\/cart-order-summary-subtotal-block\" class=\"wp-block-woocommerce-cart-order-summary-subtotal-block\"><\/div>\n\n\n\n<div data-block-name=\"woocommerce\/cart-order-summary-fee-block\" class=\"wp-block-woocommerce-cart-order-summary-fee-block\"><\/div>\n\n\n\n<div data-block-name=\"woocommerce\/cart-order-summary-discount-block\" class=\"wp-block-woocommerce-cart-order-summary-discount-block\"><\/div>\n\n\n\n<div data-block-name=\"woocommerce\/cart-order-summary-shipping-block\" class=\"wp-block-woocommerce-cart-order-summary-shipping-block\"><\/div>\n\n\n\n<div data-block-name=\"woocommerce\/cart-order-summary-taxes-block\" class=\"wp-block-woocommerce-cart-order-summary-taxes-block\"><\/div>\n<\/div>\n<\/div>\n\n\n\n<div data-block-name=\"woocommerce\/cart-express-payment-block\" class=\"wp-block-woocommerce-cart-express-payment-block\"><\/div>\n\n\n\n<div data-block-name=\"woocommerce\/proceed-to-checkout-block\" class=\"wp-block-woocommerce-proceed-to-checkout-block\"><\/div>\n\n\n\n<div data-block-name=\"woocommerce\/cart-accepted-payment-methods-block\" class=\"wp-block-woocommerce-cart-accepted-payment-methods-block\"><\/div>\n<\/div>\n<\/div>\n\n\n\n<div data-block-name=\"woocommerce\/empty-cart-block\" class=\"wp-block-woocommerce-empty-cart-block\">\n<h2 class=\"wp-block-heading has-text-align-center with-empty-cart-icon wc-block-cart__empty-cart__title\">Seu carrinho est\u00e1 vazio no momento!<\/h2>\n\n\n\n<hr class=\"wp-block-separator has-alpha-channel-opacity is-style-dots\"\/>\n\n\n\n<h2 class=\"wp-block-heading has-text-align-center\">Novo na loja<\/h2>\n\n\n<div data-block-name=\"woocommerce\/product-new\" data-columns=\"4\" data-rows=\"1\" class=\"wc-block-grid wp-block-product-new wp-block-woocommerce-product-new wc-block-product-new has-4-columns\"><ul class=\"wc-block-grid__products\"><li class=\"wc-block-grid__product product-grid \">\n\t\t\t\t<div class=\"loop-image-wrap botiga-add-to-cart-button-layout4 botiga-quick-view-button-layout2\">\n\t\t\t\t\t<a href=\"https:\/\/mentevazia.com.br\/index.php\/produto\/satans-prison\/\" class=\"wc-block-grid__product-link\" title=\"Ver op\u00e7\u00f5es\">\n\t\t\t\t\t\t<div class=\"wc-block-grid__product-image\"><img fetchpriority=\"high\" decoding=\"async\" width=\"406\" height=\"406\" src=\"https:\/\/mentevazia.com.br\/wp-content\/uploads\/2026\/03\/saturno-mock-scaled-406x406.png\" class=\"attachment-woocommerce_thumbnail size-woocommerce_thumbnail\" alt=\"Satan&#039;s Prison\" srcset=\"https:\/\/mentevazia.com.br\/wp-content\/uploads\/2026\/03\/saturno-mock-scaled-406x406.png 406w, https:\/\/mentevazia.com.br\/wp-content\/uploads\/2026\/03\/saturno-mock-scaled-100x100.png 100w, https:\/\/mentevazia.com.br\/wp-content\/uploads\/2026\/03\/saturno-mock-150x150.png 150w\" sizes=\"(max-width: 406px) 100vw, 406px\" \/><\/div>\n\t\t\t\t\t<\/a><div class=\"wp-block-button wc-block-grid__product-add-to-cart\"><div class=\"loop-button-wrap button-width-auto button-layout4 \"><a href=\"https:\/\/mentevazia.com.br\/index.php\/produto\/satans-prison\/\" aria-label=\"Selecione as op\u00e7\u00f5es para &ldquo;Satan&#039;s Prison&rdquo;\" data-quantity=\"1\" data-product_id=\"173\" data-product_sku=\"MV-SATAN\" rel=\"nofollow\" class=\"button wp-block-button__link add_to_cart_button\"><i class=\"ws-svg-icon\"><svg xmlns=\"http:\/\/www.w3.org\/2000\/svg\" viewBox=\"0 0 576 512\"><path d=\"M572.52 241.4C518.29 135.59 410.93 64 288 64S57.68 135.64 3.48 241.41a32.35 32.35 0 000 29.19C57.71 376.41 165.07 448 288 448s230.32-71.64 284.52-177.41a32.35 32.35 0 000-29.19zM288 400a144 144 0 11144-144 143.93 143.93 0 01-144 144zm0-240a95.31 95.31 0 00-25.31 3.79 47.85 47.85 0 01-66.9 66.9A95.78 95.78 0 10288 160z\" \/><\/svg><\/i><\/a><\/div><\/div>\n\t<a href=\"#\" class=\"button botiga-quick-view-show-on-hover botiga-quick-view botiga-quick-view-layout2\" aria-label=\"Visualiza\u00e7\u00e3o r\u00e1pida do produto Satan&#8217;s Prison\" data-product-id=\"173\" data-nonce=\"2e443ec75d\">\n\t\tVisualiza\u00e7\u00e3o r\u00e1pida\t<\/a>\n\t<\/div><a href=\"https:\/\/mentevazia.com.br\/index.php\/produto\/satans-prison\/\" class=\"wc-block-grid__product-link\">\n\t\t\t\t\t<div class=\"wc-block-grid__product-title\">Satan&#8217;s Prison<\/div>\n\t\t\t\t<\/a><div class=\"wc-block-grid__product-price price\"><span class=\"woocommerce-Price-amount amount\"><span class=\"woocommerce-Price-currencySymbol\">&#082;&#036;<\/span>&nbsp;109,99<\/span><\/div><\/li><\/ul><\/div><\/div>\n<\/div>\n","protected":false},"excerpt":{"rendered":"","protected":false},"author":1,"featured_media":0,"parent":0,"menu_order":0,"comment_status":"closed","ping_status":"closed","template":"","meta":{"footnotes":""},"class_list":["post-8","page","type-page","status-publish","hentry"],"_hostinger_reach_plugin_has_subscription_block":false,"_hostinger_reach_plugin_is_elementor":false,"_links":{"self":[{"href":"https:\/\/mentevazia.com.br\/index.php\/wp-json\/wp\/v2\/pages\/8","targetHints":{"allow":["GET"]}}],"collection":[{"href":"https:\/\/mentevazia.com.br\/index.php\/wp-json\/wp\/v2\/pages"}],"about":[{"href":"https:\/\/mentevazia.com.br\/index.php\/wp-json\/wp\/v2\/types\/page"}],"author":[{"embeddable":true,"href":"https:\/\/mentevazia.com.br\/index.php\/wp-json\/wp\/v2\/users\/1"}],"replies":[{"embeddable":true,"href":"https:\/\/mentevazia.com.br\/index.php\/wp-json\/wp\/v2\/comments?post=8"}],"version-history":[{"count":2,"href":"https:\/\/mentevazia.com.br\/index.php\/wp-json\/wp\/v2\/pages\/8\/revisions"}],"predecessor-version":[{"id":109,"href":"https:\/\/mentevazia.com.br\/index.php\/wp-json\/wp\/v2\/pages\/8\/revisions\/109"}],"wp:attachment":[{"href":"https:\/\/mentevazia.com.br\/index.php\/wp-json\/wp\/v2\/media?parent=8"}],"curies":[{"name":"wp","href":"https:\/\/api.w.org\/{rel}","templated":true}]}}